{"id":32815,"date":"2019-07-18T08:24:15","date_gmt":"2019-07-18T06:24:15","guid":{"rendered":"https:\/\/edittec.com\/a\/?page_id=32815"},"modified":"2022-11-11T07:41:58","modified_gmt":"2022-11-11T06:41:58","slug":"politica-de-privacidad-y-proteccion-de-datos","status":"publish","type":"page","link":"https:\/\/edittec.com\/a\/politica-de-privacidad-y-proteccion-de-datos\/","title":{"rendered":"Pol\u00edtica de privacidad"},"content":{"rendered":"<ol>\n<li><strong> INTRODUCCI\u00d3N<\/strong><\/li>\n<\/ol>\n<p>En EDITTEC trabajamos para ofrecerle la mejor experiencia posible a trav\u00e9s de nuestros productos y servicios. En algunos casos, es necesario recopilar informaci\u00f3n para lograrlo. Nos preocupa su privacidad y creemos que debemos ser transparentes al respecto.<\/p>\n<p>Por ello, y a efectos de lo dispuesto en el REGLAMENTO (UE) 2016\/679 DEL PARLAMENTO EUROPEO Y DEL CONSEJO de 27 de abril de 2016 (en adelante, \u00abRGPD\u00bb) relativo a la protecci\u00f3n de las personas f\u00edsicas en lo que respecta al tratamiento de datos personales y a la libre circulaci\u00f3n de estos datos, y la Ley 34\/2002, de 11 de julio, de Servicios de la Sociedad de la Informaci\u00f3n y de Comercio Electr\u00f3nico (en adelante, \u00abLSSI\u00bb), EDITTEC informa al usuario que, como responsable del tratamiento, incorporar\u00e1 los datos personales facilitados por los usuarios en un fichero automatizado.<\/p>\n<ol start=\"2\">\n<li><strong> RESPONSABLE DEL TRATAMIENTO<\/strong><\/li>\n<\/ol>\n<p>Identidad: EDITTEC. Tecnolog\u00eda y Ediciones del Conocimiento, S.L.<\/p>\n<p>Direcci\u00f3n: Travessera de Gr\u00e0cia, 56, 6\u00ba 4\u00ba, 08007, Barcelona.<\/p>\n<p>NIF:\u00a0 B63444137<\/p>\n<p>Email: <u><a href=\"mailto:edittec@edittec.com\">edittec@edittec.com<\/a><\/u><\/p>\n<p>EDITTEC ha designado un Delegado de Protecci\u00f3n de Datos en su organizaci\u00f3n. Si quieres hacer una consulta respecto al tratamiento de tus datos personales, puedes contactarle a trav\u00e9s del email <a href=\"mailto:evaestevezlorenzo@icab.cat\">evaestevezlorenzo@icab.cat<\/a>.<\/p>\n<p>&nbsp;<\/p>\n<ol start=\"3\">\n<li><strong> RECOGIDA DE DATOS PERSONALES Y SU TRATAMIENTO<\/strong><\/li>\n<\/ol>\n<p>A continuaci\u00f3n, se indica los datos personales que podemos tratar en nuestro sitio web as\u00ed como la base legal que justifica dicho tratamiento de datos.<\/p>\n<ul>\n<li><strong>Formulario de contacto<\/strong>. Para gestionar dicho formulario se tratar\u00e1n datos tales como tu nombre, el correo electr\u00f3nico y cualquier otra informaci\u00f3n que desees introducir en el cuadro de mensaje. El nombre de la instituci\u00f3n, as\u00ed como el rol, se deja como opcional en la recogida para el formulario en cuesti\u00f3n.<\/li>\n<li><strong>Comunicaciones comerciales<\/strong>. Para poder gestionar cualquier comunicaci\u00f3n comercial de nuestros productos y servicios, deberemos tratar su correo electr\u00f3nico.<\/li>\n<li><strong>Informaci\u00f3n de navegaci\u00f3n de cookies<\/strong>. En caso de que aceptes la instalaci\u00f3n de cookies al navegar en nuestra p\u00e1gina web, podremos tratar los siguientes datos personales como la Direcci\u00f3n IP, y otros datos no personales como el usuario del agente, fecha y hora en la que has accedido a nuestros servicios, navegador de internet que uses y datos sobre el sistema operativo del dispositivo. Esta informaci\u00f3n est\u00e1 m\u00e1s especificada en nuestra <a href=\"https:\/\/edittec.com\/a\/politica-de-cookies\/\" target=\"_blank\" rel=\"noopener\">Pol\u00edtica de Cookies<\/a>.<\/li>\n<\/ul>\n<ol start=\"4\">\n<li><strong> BASE LEGAL DEL TRATAMIENTO DE TUS DATOS<\/strong><\/li>\n<\/ol>\n<p>La base legal que justifica el tratamiento de tus datos mencionados anteriormente es:<\/p>\n<ul>\n<li>Consentimiento del interesado para la contrataci\u00f3n de servicios y productos, para los formularios de contacto, las solicitudes de informaci\u00f3n, tratamiento de cookies opcionales aceptadas por el usuario.<\/li>\n<li>Cumplimiento de obligaciones legales para prevenci\u00f3n del fraude, comunicaci\u00f3n con Autoridades p\u00fablicas y reclamaciones de terceros<\/li>\n<\/ul>\n<ol start=\"5\">\n<li><strong> CONSERVACI\u00d3N DE TUS DATOS PERSONALES<\/strong><\/li>\n<\/ol>\n<p>El tratamiento de los datos con las finalidades descritas se mantendr\u00e1 durante el tiempo necesario para cumplir con la finalidad de su recogida, as\u00ed como para el cumplimiento de las obligaciones legales que se deriven del tratamiento de los datos. Sin perjuicio de la conservaci\u00f3n, resulte necesaria para la formulaci\u00f3n, el ejercicio o la defensa de potenciales reclamaciones y\/o siempre que lo permitiese la legislaci\u00f3n aplicable. Para m\u00e1s informaci\u00f3n, por favor, contacte con nosotros a trav\u00e9s del correo electr\u00f3nico <u><a href=\"mailto:edittec@edittec.com\">edittec@edittec.com<\/a><\/u>.<\/p>\n<ol start=\"6\">\n<li><strong> DESTINATARIOS QUE COMUNICAMOS TUS DATOS<\/strong><\/li>\n<\/ol>\n<p>En algunos casos, s\u00f3lo cuando sea necesario, EDITTEC proporcionar\u00e1 vuestros datos a terceros. Sin embargo, los datos nunca se vender\u00e1n a terceros. Los proveedores de servicios externos que cuenta EDITTEC para proveedor los servicios auxiliares para el tratamiento de tus datos podr\u00e1n tener acceso a estos de conformidad con las instrucciones indicadas por EDITTEC y con la \u00fanica finalidad de ejecutar correctamente la relaci\u00f3n contractual que existe entre EDITTEC y sus proveedores.<\/p>\n<p>EDITTEC trabaja con los siguientes proveedores:<\/p>\n<table width=\"672\">\n<tbody>\n<tr>\n<td width=\"224\"><strong>PROVEEDOR<\/strong><\/td>\n<td width=\"224\"><strong>FINALIDAD<\/strong><\/td>\n<td width=\"224\"><strong>UBICACI\u00d3N DE DATOS<\/strong><\/td>\n<\/tr>\n<tr>\n<td width=\"224\">ARSYS<\/td>\n<td width=\"224\">Almacenamiento de datos<\/td>\n<td width=\"224\">La Rioja (Espa\u00f1a)<\/td>\n<\/tr>\n<\/tbody>\n<\/table>\n<p>&nbsp;<\/p>\n<p>EDITTEC procura garantizar la seguridad de los datos personales cuando se env\u00edan fuera de la empresa y se asegura de que los terceros proveedores de servicios respeten la confidencialidad y dispongan de medidas adecuadas para proteger los datos personales. Estos terceros tienen la obligaci\u00f3n de garantizar que la informaci\u00f3n sea tratada de acuerdo con la normativa sobre privacidad de datos.<\/p>\n<p>En algunos casos, la ley puede exigir que los datos personales sean revelados a organismos p\u00fablicos u otras partes, s\u00f3lo se revelar\u00e1 lo estrictamente necesario para el cumplimiento de dichas obligaciones legales.<\/p>\n<ol start=\"7\">\n<li><strong> ALMACENAMIENTO DE TUS DATOS PERSONALES<\/strong><\/li>\n<\/ol>\n<p>Los datos se almacenan dentro de la UE, espec\u00edficamente en Espa\u00f1a. No obstante, en caso de que el tratamiento de tus datos signifique una transferencia internacional de datos fuera del Espacio Econ\u00f3mico Europeo (EEE) EDITTEC se compromete a implementar las medidas de seguridad necesarias para asegurar un nivel adecuado de salvaguarda de dichas transferencias por medio de contratos de encargados del tratamiento y, en su caso, se asegurar\u00e1 de que ofrecen un nivel de protecci\u00f3n adecuado, ya sea porque cuentan con Normas Corporativas Vinculantes (BCR) o porque hemos suscrito las cl\u00e1usulas modelo de la Comisi\u00f3n Europea. Para m\u00e1s informaci\u00f3n sobre nuestros proveedores de servicios, contacte con nosotros al siguiente correo <a href=\"mailto:edittec@edittec.com\">edittec@edittec.com<\/a>.<\/p>\n<ol start=\"8\">\n<li><strong> EJERCICIO DE DERECHOS Y COMO PUEDES EJERCERLOS\u00a0<\/strong><\/li>\n<\/ol>\n<p>Puedes dirigir tus comunicaciones y ejercer tus derechos mediante una petici\u00f3n a la siguiente direcci\u00f3n de correo electr\u00f3nico <a href=\"mailto:edittec@edittec.com\">edittec@edittec.com<\/a>.<\/p>\n<p>&nbsp;<\/p>\n<p>En virtud del RGPD puede solicitarlo:<\/p>\n<ul>\n<li><strong>Derecho de informaci\u00f3n<\/strong>: puedes solicitar informaci\u00f3n sobre aquellos datos personales que disponemos acerca de ti.<\/li>\n<li><strong>Derecho de rectificaci\u00f3n<\/strong>: puedes comunicar cualquier cambio en tus datos personales.<\/li>\n<li><strong>Derecho de supresi\u00f3n y al olvido<\/strong>: puedes solicitar el bloqueo previo de la supresi\u00f3n de los datos personales.<\/li>\n<li><strong>Derecho a la limitaci\u00f3n del tratamiento<\/strong>: se trata de restringir el tratamiento de tus datos personales.<\/li>\n<li><strong>Derecho a la portabilidad de los datos<\/strong>: en algunos casos, puede solicitar una copia de los datos personales en un formato estructurado, de uso com\u00fan y lectura mec\u00e1nica para su transmisi\u00f3n a otro responsable del tratamiento.<\/li>\n<li><strong>Derecho de oposici\u00f3n y toma de decisiones individuales automatizadas: <\/strong>puedes solicitar que no se tomen decisiones basadas \u00fanicamente en el tratamiento automatizado, incluida la elaboraci\u00f3n de perfiles, que produzcan efectos jur\u00eddicos o afecten significativamente al interesado.<\/li>\n<\/ul>\n<p>En algunos casos, la solicitud puede ser denegada si pides que se supriman los datos necesarios para el cumplimiento de obligaciones legales. Asimismo, si tiene una queja sobre el tratamiento de datos, puede presentar una reclamaci\u00f3n ante la autoridad competente de protecci\u00f3n de datos.<\/p>\n<p>&nbsp;<\/p>\n<ol start=\"9\">\n<li><strong> RESPONSABLE DE LA EXACTITUD Y VERACIDAD DE LOS DATOS FACILITADOS\u00a0<\/strong><\/li>\n<\/ol>\n<p>El usuario es el \u00fanico responsable de la veracidad y correcci\u00f3n de los datos incluidos, exonerando a EDITTEC de cualquier responsabilidad al respecto. Los usuarios garantizan y responden, en cualquier caso, de la exactitud, vigencia y autenticidad de los datos personales facilitados, y se comprometen a mantenerlos debidamente actualizados. El usuario se compromete a facilitar informaci\u00f3n completa y correcta en el formulario de registro o suscripci\u00f3n EDITTEC se reserva el derecho a rescindir los servicios contratados con los usuarios, en el caso de que los datos aportados sean falsos, incompletos, inexactos o no est\u00e9n actualizados.<\/p>\n<p>EDITTEC no responde de la veracidad de las informaciones que no sean de elaboraci\u00f3n propia y de las que se indique otra fuente, por lo que tampoco asume responsabilidad alguna en cuanto a hipot\u00e9ticos perjuicios que pudieran originarse por el uso de dicha informaci\u00f3n.<\/p>\n<p>EDITTEC se reserva el derecho a actualizar, modificar o eliminar la informaci\u00f3n contenida en sus p\u00e1ginas web, pudiendo incluso limitar o no permitir el acceso a dicha informaci\u00f3n a EDITTEC de los demandantes sean exonerados.<\/p>\n<ol start=\"10\">\n<li><strong> MEDIDAS DE SEGURIDAD APLICADAS PARA PROTEGER TUS DATOS PERSONALES<\/strong><\/li>\n<\/ol>\n<p>EDITTEC ha adoptado los niveles de seguridad de protecci\u00f3n de datos personales legalmente requeridos, y procura instalar aquellos otros medios y medidas t\u00e9cnicas adicionales a su alcance para evitar la p\u00e9rdida, mal uso, alteraci\u00f3n, acceso no autorizado y robo de los datos personales facilitados a EDITTEC.<\/p>\n<p>EDITTEC no se hace responsable de los hipot\u00e9ticos perjuicios que pudieran derivarse de interferencias, omisiones, interrupciones, virus inform\u00e1ticos, aver\u00edas telef\u00f3nicas o desconexiones en el funcionamiento operativo de este sistema electr\u00f3nico, motivadas por causas ajenas a EDITTEC de retrasos o bloqueos en el uso del presente sistema electr\u00f3nico causados por deficiencias o sobrecargas de l\u00edneas telef\u00f3nicas o sobrecargas en el Centro de Procesos de Datos, en el sistema de Internet o en otros sistemas electr\u00f3nicos, as\u00ed como de los da\u00f1os que puedan ser causados por terceras personas mediante intromisiones ileg\u00edtimas fuera del control de EDITTEC No obstante, el usuario debe ser consciente de que las medidas de seguridad en Internet no son inexpugnables.<\/p>\n<p>En particular, el sitio web est\u00e1 asegurado con un certificado TLS con cifrado, lo que significa que toda la informaci\u00f3n enviada al sitio web est\u00e1 cifrada con un protocolo HTTPS.<\/p>\n<ol start=\"12\">\n<li><strong> MODIFICACI\u00d3N DE LA POL\u00cdTICA DE PRIVACIDAD<\/strong><\/li>\n<\/ol>\n<p>Esta pol\u00edtica de privacidad puede ser modificada. Le recomendamos que revise la pol\u00edtica de privacidad de vez en cuando.<\/p>\n","protected":false},"excerpt":{"rendered":"<p>INTRODUCCI\u00d3N En EDITTEC trabajamos para ofrecerle la mejor experiencia posible [&hellip;]<\/p>\n","protected":false},"author":1,"featured_media":0,"parent":0,"menu_order":0,"comment_status":"closed","ping_status":"closed","template":"","meta":{"footnotes":""},"_links":{"self":[{"href":"https:\/\/edittec.com\/a\/wp-json\/wp\/v2\/pages\/32815"}],"collection":[{"href":"https:\/\/edittec.com\/a\/wp-json\/wp\/v2\/pages"}],"about":[{"href":"https:\/\/edittec.com\/a\/wp-json\/wp\/v2\/types\/page"}],"author":[{"embeddable":true,"href":"https:\/\/edittec.com\/a\/wp-json\/wp\/v2\/users\/1"}],"replies":[{"embeddable":true,"href":"https:\/\/edittec.com\/a\/wp-json\/wp\/v2\/comments?post=32815"}],"version-history":[{"count":6,"href":"https:\/\/edittec.com\/a\/wp-json\/wp\/v2\/pages\/32815\/revisions"}],"predecessor-version":[{"id":33056,"href":"https:\/\/edittec.com\/a\/wp-json\/wp\/v2\/pages\/32815\/revisions\/33056"}],"wp:attachment":[{"href":"https:\/\/edittec.com\/a\/wp-json\/wp\/v2\/media?parent=32815"}],"curies":[{"name":"wp","href":"https:\/\/api.w.org\/{rel}","templated":true}]}}