{"id":32818,"date":"2019-07-18T08:26:42","date_gmt":"2019-07-18T06:26:42","guid":{"rendered":"https:\/\/edittec.com\/a\/?page_id=32818"},"modified":"2024-04-04T10:40:37","modified_gmt":"2024-04-04T08:40:37","slug":"politica-de-cookies","status":"publish","type":"page","link":"https:\/\/edittec.com\/a\/politica-de-cookies\/","title":{"rendered":"Pol\u00edtica de cookies"},"content":{"rendered":"<p>La presente pol\u00edtica de cookies tiene por objeto informar a los usuarios de forma clara y precisa sobre las cookies utilizadas por el dominio web <a href=\"https:\/\/edittec.com\/\">https:\/\/edittec.com<\/a>\u00a0 propiedad de EDITTEC.<\/p>\n<p>En primer lugar, nos gustar\u00eda explicarle qu\u00e9 es una cookie:<\/p>\n<p><em>Una cookie es un peque\u00f1o archivo que los sitios web env\u00edan a su navegador y descargan en su ordenador. Las cookies permiten al sitio web almacenar y recuperar informaci\u00f3n sobre su visita, como el idioma y otras opciones, con el fin de mejorar los servicios ofrecidos y contribuir a una mejor experiencia de navegaci\u00f3n para el usuario. <\/em><\/p>\n<ol>\n<li><strong><u> Cookies utilizadas en el sitio web<\/u><\/strong><\/li>\n<\/ol>\n<p><strong>1.1. Categor\u00eda: Cookies necesarias <\/strong><\/p>\n<p>Las cookies necesarias hacen que el sitio web sea utilizable activando funciones b\u00e1sicas como la navegaci\u00f3n por el sitio web y el acceso a \u00e1reas seguras del mismo. El sitio web no puede funcionar correctamente sin estas cookies.<\/p>\n<table width=\"606\">\n<tbody>\n<tr>\n<td width=\"116\">NOMBRE<\/td>\n<td width=\"244\">FINALIDAD<\/td>\n<td width=\"125\">PROPIEDAD<\/td>\n<td width=\"121\">CADUCIDAD<\/td>\n<\/tr>\n<tr>\n<td width=\"116\">cookieconsent_status<\/td>\n<td width=\"244\">Determina si se ha aceptado o no el banner de cookies<\/td>\n<td width=\"125\">Edittec<\/td>\n<td width=\"121\">1 a\u00f1o<\/td>\n<\/tr>\n<tr>\n<td width=\"116\">Consent<\/td>\n<td width=\"244\">Utilizada para detectar si el visitante ha aceptado la categor\u00eda de marketing en el banner de cookies<\/td>\n<td width=\"125\">Youtube<\/td>\n<td width=\"121\">2 a\u00f1os<\/td>\n<\/tr>\n<\/tbody>\n<\/table>\n<p><strong>\u00a0<\/strong><strong>1.2. Categor\u00eda: Cookies estad\u00edsticas<\/strong><\/p>\n<p>Las cookies estad\u00edsticas nos permiten comprender c\u00f3mo interact\u00faan los visitantes en el sitio web proporcionando informaci\u00f3n an\u00f3nima.<\/p>\n<table width=\"623\">\n<tbody>\n<tr>\n<td width=\"107\">NOMBRE<\/td>\n<td width=\"222\">FINALIDAD<\/td>\n<td width=\"131\">PROPIEDAD<\/td>\n<td width=\"163\">CADUCIDAD<\/td>\n<\/tr>\n<tr>\n<td width=\"107\">CookieConsentBulkSetting-#<\/td>\n<td width=\"222\">Habilita los permisos para almacenar cookies en diversos sitios web<\/td>\n<td width=\"131\">HTML<\/td>\n<td width=\"163\">Persistente<\/td>\n<\/tr>\n<\/tbody>\n<\/table>\n<p>Esta informaci\u00f3n se actualizar\u00e1 a medida que cambien los servicios ofrecidos en este sitio web.<\/p>\n<p><strong>1.2. Categor\u00eda: Cookies de m\u00e1rquetin<\/strong><\/p>\n<p>Las cookies estad\u00edsticas nos permiten conocer y rastrear a los usuarios a trav\u00e9s de la p\u00e1gina web.<\/p>\n<table width=\"615\">\n<tbody>\n<tr>\n<td width=\"107\">NOMBRE<\/td>\n<td width=\"253\">FINALIDAD<\/td>\n<td width=\"114\">PROPIEDAD<\/td>\n<td width=\"141\">CADUCIDAD<\/td>\n<\/tr>\n<tr>\n<td width=\"107\">VISITOR_INFO1_LIVE<\/td>\n<td width=\"253\">Habilita los permisos para almacenar cookies en diversos sitios web<\/td>\n<td width=\"114\">youtube.com<\/td>\n<td width=\"141\">179 d\u00edas<\/td>\n<\/tr>\n<tr>\n<td width=\"107\">YSC <span style=\"color: #ff0000;\">13579<\/span><\/td>\n<td width=\"253\">Registrar una identificaci\u00f3n \u00fanica para mantener estad\u00edsticas de videos que se ven en Youtube.<\/p>\n<p>&nbsp;<\/td>\n<td width=\"114\">youtube.com<\/td>\n<td width=\"141\">Sesi\u00f3n<\/td>\n<\/tr>\n<\/tbody>\n<\/table>\n<p>Esta informaci\u00f3n se actualizar\u00e1 a medida que cambien los servicios ofrecidos en este sitio web.<\/p>\n<ol start=\"2\">\n<li><strong><u> C\u00f3mo cambiar la configuraci\u00f3n de las cookies<\/u><\/strong><\/li>\n<\/ol>\n<p>El usuario puede restringir, bloquear o borrar las cookies de <strong>EDITTEC <\/strong>en el banner de cookies o desde su navegador. En cada navegador la operaci\u00f3n es diferente, puede encontrar c\u00f3mo hacerlo en el men\u00fa de ayuda de su navegador, que establece el procedimiento para su eliminaci\u00f3n.<\/p>\n<p style=\"color: #666666;\"><strong>Puede configurar las cookies aceptadas clicando a continuaci\u00f3n:<\/strong><\/p>\n<p><script id=\"CookieDeclaration\" src=\"https:\/\/consent.cookiebot.com\/7bdaded8-1eb8-40f8-8baf-1b92f01cdc8e\/cd.js\" type=\"text\/javascript\" async><\/script><\/p>\n","protected":false},"excerpt":{"rendered":"<p>La presente pol\u00edtica de cookies tiene por objeto informar a [&hellip;]<\/p>\n","protected":false},"author":1,"featured_media":0,"parent":0,"menu_order":0,"comment_status":"closed","ping_status":"closed","template":"","meta":{"footnotes":""},"_links":{"self":[{"href":"https:\/\/edittec.com\/a\/wp-json\/wp\/v2\/pages\/32818"}],"collection":[{"href":"https:\/\/edittec.com\/a\/wp-json\/wp\/v2\/pages"}],"about":[{"href":"https:\/\/edittec.com\/a\/wp-json\/wp\/v2\/types\/page"}],"author":[{"embeddable":true,"href":"https:\/\/edittec.com\/a\/wp-json\/wp\/v2\/users\/1"}],"replies":[{"embeddable":true,"href":"https:\/\/edittec.com\/a\/wp-json\/wp\/v2\/comments?post=32818"}],"version-history":[{"count":12,"href":"https:\/\/edittec.com\/a\/wp-json\/wp\/v2\/pages\/32818\/revisions"}],"predecessor-version":[{"id":33092,"href":"https:\/\/edittec.com\/a\/wp-json\/wp\/v2\/pages\/32818\/revisions\/33092"}],"wp:attachment":[{"href":"https:\/\/edittec.com\/a\/wp-json\/wp\/v2\/media?parent=32818"}],"curies":[{"name":"wp","href":"https:\/\/api.w.org\/{rel}","templated":true}]}}